{"id":2,"date":"2024-06-11T13:13:01","date_gmt":"2024-06-11T13:13:01","guid":{"rendered":"https:\/\/asvbintermediacao.pt\/?page_id=2"},"modified":"2024-10-24T09:37:10","modified_gmt":"2024-10-24T09:37:10","slug":"sample-page","status":"publish","type":"page","link":"https:\/\/asvbintermediacao.pt\/?page_id=2","title":{"rendered":"Sobre N\u00f3s"},"content":{"rendered":"\n<p class=\"gutenify-section-dfca3df0-6643-11ef-829e-2128f4f13dc0\"><strong>Quem Somos<\/strong><\/p>\n\n\n\n<p class=\"gutenify-section-f4357200-6643-11ef-829e-2128f4f13dc0\">Somos uma empresa jovem e din\u00e2mica, com mais de 15 anos de experi\u00eancia no setor banc\u00e1rio. <\/p>\n\n\n\n<p class=\"gutenify-section-f702afe0-6650-11ef-832e-378a504c832a\">A nossa equipa alia compet\u00eancia e dedica\u00e7\u00e3o, oferecendo uma abordagem flex\u00edvel, rigorosa e orientada por uma total objetividade.<\/p>\n\n\n\n<p class=\"gutenify-section-f6b39160-6643-11ef-829e-2128f4f13dc0\"><br><\/p>\n\n\n\n<p class=\"gutenify-section-f4360e40-6643-11ef-829e-2128f4f13dc0\"><strong>O que Oferecemos<\/strong><\/p>\n\n\n\n<p class=\"gutenify-section-f4365c60-6643-11ef-829e-2128f4f13dc0\">Compreendemos que cada cliente \u00e9 \u00fanico, por isso proporcionamos um servi\u00e7o totalmente personalizado, que vai al\u00e9m da simples assinatura de contratos. Estamos sempre ao seu lado, garantindo apoio cont\u00ednuo e disponibilidade total para atender \u00e0s suas necessidades.<br><\/p>\n\n\n\n<p class=\"gutenify-section-f842bce0-6643-11ef-829e-2128f4f13dc0\"><br><\/p>\n\n\n\n<p class=\"gutenify-section-f436f8a0-6643-11ef-829e-2128f4f13dc0\"><strong>O nosso Compromisso<\/strong><\/p>\n\n\n\n<p class=\"gutenify-section-f4376dd0-6643-11ef-829e-2128f4f13dc0\">Mais do que n\u00fameros, para n\u00f3s, o que realmente importa s\u00e3o as pessoas. Estamos comprometidos em oferecer um servi\u00e7o de excel\u00eancia, sendo um parceiro confi\u00e1vel na busca pela realiza\u00e7\u00e3o e felicidade dos nossos clientes. A nossa miss\u00e3o \u00e9 ser um instrumento eficaz na concretiza\u00e7\u00e3o dos seus objetivos financeiros e pessoais.<\/p>\n\n\n\n<p class=\"gutenify-section-fe38d910-6650-11ef-832e-378a504c832a\"><br><\/p>\n\n\n\n<p class=\"gutenify-section-fea3a8d0-6650-11ef-832e-378a504c832a\"><\/p>\n\n\n\n<p class=\"gutenify-section-77a77520-91eb-11ef-874e-2b191a46727a\"><\/p>\n\n\n\n<figure class=\"wp-block-image aligncenter size-large is-resized gutenify-section-704f3a70-91ea-11ef-a544-c1e10ecaead0\"><img loading=\"lazy\" decoding=\"async\" width=\"933\" height=\"934\" src=\"https:\/\/asvbintermediacao.pt\/wp-content\/uploads\/2024\/10\/WhatsApp-Image-2024-10-24-at-08.57.06-edited.jpeg\" alt=\"\" class=\"wp-image-262\" style=\"width:285px;height:auto\" srcset=\"https:\/\/asvbintermediacao.pt\/wp-content\/uploads\/2024\/10\/WhatsApp-Image-2024-10-24-at-08.57.06-edited.jpeg 933w, https:\/\/asvbintermediacao.pt\/wp-content\/uploads\/2024\/10\/WhatsApp-Image-2024-10-24-at-08.57.06-edited-300x300.jpeg 300w, https:\/\/asvbintermediacao.pt\/wp-content\/uploads\/2024\/10\/WhatsApp-Image-2024-10-24-at-08.57.06-edited-150x150.jpeg 150w, https:\/\/asvbintermediacao.pt\/wp-content\/uploads\/2024\/10\/WhatsApp-Image-2024-10-24-at-08.57.06-edited-768x769.jpeg 768w\" sizes=\"auto, (max-width: 933px) 100vw, 933px\" \/><\/figure>\n\n\n\n<p class=\"gutenify-section-7806fa40-91eb-11ef-874e-2b191a46727a\"><\/p>\n\n\n\n<p class=\"gutenify-section-849bf490-91eb-11ef-874e-2b191a46727a\"><br><\/p>\n\n\n\n<div class=\"wp-block-buttons gutenify-section-0cd0a840-6651-11ef-832e-378a504c832a is-content-justification-center is-layout-flex wp-container-core-buttons-is-layout-a89b3969 wp-block-buttons-is-layout-flex\">\n<div class=\"wp-block-button gutenify-section-0cdbf2e0-6651-11ef-832e-378a504c832a\"><a class=\"wp-block-button__link wp-element-button\" href=\"https:\/\/asvbintermediacao.pt\/?page_id=57\">Pe\u00e7a j\u00e1 a sua simula\u00e7\u00e3o connosco!<\/a><\/div>\n<\/div>\n\n\n\n<p class=\"gutenify-section-fef59960-6650-11ef-832e-378a504c832a\"><\/p>\n\n\n\n<p class=\"gutenify-section-a1010c70-91ea-11ef-a544-c1e10ecaead0\"><br><\/p>\n\n\n\n<p class=\"gutenify-section-6c33e5d0-91ea-11ef-a544-c1e10ecaead0\"><\/p>\n","protected":false},"excerpt":{"rendered":"<p>Quem Somos Somos uma empresa jovem e din\u00e2mica, com mais de 15 anos de experi\u00eancia no setor banc\u00e1rio. A nossa equipa alia compet\u00eancia e dedica\u00e7\u00e3o, oferecendo uma abordagem flex\u00edvel, rigorosa e orientada por uma total objetividade. O que Oferecemos Compreendemos que cada cliente \u00e9 \u00fanico, por isso proporcionamos um servi\u00e7o totalmente personalizado, que vai al\u00e9m [&hellip;]<\/p>\n","protected":false},"author":1,"featured_media":0,"parent":0,"menu_order":0,"comment_status":"closed","ping_status":"open","template":"","meta":{"_themeisle_gutenberg_block_has_review":false,"gutenify_custom_css":"","gutenify_custom_css_data":"","footnotes":""},"class_list":["post-2","page","type-page","status-publish","hentry"],"_links":{"self":[{"href":"https:\/\/asvbintermediacao.pt\/index.php?rest_route=\/wp\/v2\/pages\/2","targetHints":{"allow":["GET"]}}],"collection":[{"href":"https:\/\/asvbintermediacao.pt\/index.php?rest_route=\/wp\/v2\/pages"}],"about":[{"href":"https:\/\/asvbintermediacao.pt\/index.php?rest_route=\/wp\/v2\/types\/page"}],"author":[{"embeddable":true,"href":"https:\/\/asvbintermediacao.pt\/index.php?rest_route=\/wp\/v2\/users\/1"}],"replies":[{"embeddable":true,"href":"https:\/\/asvbintermediacao.pt\/index.php?rest_route=%2Fwp%2Fv2%2Fcomments&post=2"}],"version-history":[{"count":9,"href":"https:\/\/asvbintermediacao.pt\/index.php?rest_route=\/wp\/v2\/pages\/2\/revisions"}],"predecessor-version":[{"id":270,"href":"https:\/\/asvbintermediacao.pt\/index.php?rest_route=\/wp\/v2\/pages\/2\/revisions\/270"}],"wp:attachment":[{"href":"https:\/\/asvbintermediacao.pt\/index.php?rest_route=%2Fwp%2Fv2%2Fmedia&parent=2"}],"curies":[{"name":"wp","href":"https:\/\/api.w.org\/{rel}","templated":true}]}}