{"id":56,"date":"2024-07-27T23:35:16","date_gmt":"2024-07-27T23:35:16","guid":{"rendered":"https:\/\/asvbintermediacao.pt\/?page_id=56"},"modified":"2024-08-15T01:23:51","modified_gmt":"2024-08-15T01:23:51","slug":"faqs","status":"publish","type":"page","link":"https:\/\/asvbintermediacao.pt\/?page_id=56","title":{"rendered":"FAQs"},"content":{"rendered":"\n<div id=\"wp-block-themeisle-blocks-accordion-b2d5b74f\" class=\"wp-block-themeisle-blocks-accordion exclusive gutenify-section-bb39cbf0-4c70-11ef-a648-ef74abc450e0\">\n<details class=\"wp-block-themeisle-blocks-accordion-item gutenify-section-bb3f4a30-4c70-11ef-a648-ef74abc450e0\"><summary class=\"wp-block-themeisle-blocks-accordion-item__title\"><div><strong>O que \u00e9 um intermedi\u00e1rio de cr\u00e9dito?<\/strong><\/div><\/summary><div class=\"wp-block-themeisle-blocks-accordion-item__content\">\n<p class=\"gutenify-section-bb445340-4c70-11ef-a648-ef74abc450e0\">Um Intermedi\u00e1rio de cr\u00e9dito, \u00e9 uma pessoa, ou entidade, devidamente credenciada pelo Banco de Portugal para fazer a<strong> intermedia\u00e7\u00e3o entre clientes e Bancos <\/strong>no que diz respeito a financiamentos.<\/p>\n\n\n\n<p class=\"gutenify-section-1bce8ad0-5aa1-11ef-b9f0-955660507f89\">H\u00e1 v\u00e1rios tipos de Intermedi\u00e1rio de cr\u00e9dito. A <strong>ASVB Intermedia\u00e7\u00e3o<\/strong> \u00e9 um Intermedi\u00e1rio de cr\u00e9dito vinculado. Somos especializados em<strong> Cr\u00e9dito Habita\u00e7\u00e3o, desde compra, constru\u00e7\u00e3o, obras, multi-finalidades ou transfer\u00eancias entre Bancos.<\/strong><\/p>\n<\/div><\/details>\n\n\n\n<details class=\"wp-block-themeisle-blocks-accordion-item gutenify-section-bb3fe670-4c70-11ef-a648-ef74abc450e0\"><summary class=\"wp-block-themeisle-blocks-accordion-item__title\"><div><strong>Como funciona o processo de intermedia\u00e7\u00e3o de cr\u00e9dito?<\/strong><\/div><\/summary><div class=\"wp-block-themeisle-blocks-accordion-item__content\">\n<p class=\"gutenify-section-df41a330-5aa1-11ef-b9f0-955660507f89\"><strong>O seu processo de intermedia\u00e7\u00e3o de cr\u00e9dito conta com o nosso apoio desde o principio: <\/strong><\/p>\n\n\n\n<p class=\"gutenify-section-24e3b7c0-5aa2-11ef-b9f0-955660507f89\">A ASVB prestar\u00e1 o apoio necess\u00e1rio desde a procura inicial da melhor proposta de cr\u00e9dito \u00e0 habita\u00e7\u00e3o at\u00e9 \u00e0 formaliza\u00e7\u00e3o da escritura do cr\u00e9dito, sem qualquer custo associado, independentemente do tempo que o processo demore a ser conclu\u00eddo.<br><\/p>\n\n\n\n<p class=\"has-text-align-left gutenify-section-d980ad80-5aa4-11ef-b9f0-955660507f89\"><strong><span style=\"text-decoration: underline;\">Para darmos inicio a este processo, basta seguir as seguintes etapas:<\/span><\/strong><br><\/p>\n\n\n\n<ul class=\"wp-block-list gutenify-section-9f949a60-5aa3-11ef-b9f0-955660507f89\">\n<li class=\"gutenify-section-b032b650-5aa2-11ef-b9f0-955660507f89\"><strong> Preenchimento do formul\u00e1rio de simula\u00e7\u00e3o que consta <a href=\"https:\/\/asvbintermediacao.pt\/?page_id=57\">nesta p\u00e1gina<\/a>;<\/strong><br><\/li>\n\n\n\n<li class=\"gutenify-section-c9b6fff0-5aa2-11ef-b9f0-955660507f89\"><strong>Ser\u00e1 solicitado o envio da seguinte documenta\u00e7\u00e3o (que \u00e9 exigida por todas as entidades banc\u00e1rias), para fins de simula\u00e7\u00e3o de cr\u00e9dito:<\/strong><br>\u2022\u2060 \u2060\u00daltima declara\u00e7\u00e3o de rendimentos (IRS) e nota de liquida\u00e7\u00e3o;<br>\u2022\u2060 \u00da\u2060ltimos recibos de vencimento (ou os 6 \u00faltimos, no caso de trabalhadores independentes);<br>\u2022\u2060 \u2060Mapa de responsabilidades de Cr\u00e9dito do Banco de Portugal (para obter este documento, basta clicar <a href=\"https:\/\/www.bportugal.pt\/area-cidadao\/formulario\/227\">aqui<\/a>)<\/li>\n<\/ul>\n\n\n\n<ul class=\"wp-block-list gutenify-section-b0330470-5aa2-11ef-b9f0-955660507f89\">\n<li class=\"gutenify-section-90ca97a0-5aa3-11ef-b9f0-955660507f89\"><strong> Vamos solicitar propostas a v\u00e1rias entidades banc\u00e1rias parceiras e apresentar-lhe cada uma delas<\/strong>, explicando o que as distingue, para que possa tomar uma decis\u00e3o informada sobre a melhor op\u00e7\u00e3o para si.<br><\/li>\n\n\n\n<li class=\"gutenify-section-0d0ac240-5aa4-11ef-b9f0-955660507f89\"><strong>Escolhida a proposta, avan\u00e7amos com todo o processo junto da entidade Banc\u00e1ria escolhida, <\/strong>passando por reunir toda a documenta\u00e7\u00e3o necess\u00e1ria (que varia de Banco para Banco e de processo para processo), pela marca\u00e7\u00e3o da avalia\u00e7\u00e3o do im\u00f3vel, simula\u00e7\u00e3o dos seguros e prepara\u00e7\u00e3o e marca\u00e7\u00e3o da escritura.<\/li>\n<\/ul>\n\n\n\n<ol class=\"wp-block-list gutenify-section-748a3b40-5aa3-11ef-b9f0-955660507f89\"><\/ol>\n\n\n\n<p class=\"has-text-align-left gutenify-section-b2288850-5aa1-11ef-b9f0-955660507f89\">Ter\u00e1 sempre o apoio da nossa equipa ao longo de todo o processo, desde a negocia\u00e7\u00e3o com os bancos at\u00e9 ao tratamento de toda a burocracia, garantindo que tudo decorra da melhor forma at\u00e9 ao dia da escritura. <\/p>\n\n\n\n<p class=\"has-text-align-left gutenify-section-6710b7e0-5aa4-11ef-b9f0-955660507f89\"><strong>Tudo ser\u00e1 feito online, de forma r\u00e1pida, personalizada e sem custos!<\/strong><\/p>\n<\/div><\/details>\n\n\n\n<details class=\"wp-block-themeisle-blocks-accordion-item gutenify-section-bd4e5410-4c70-11ef-a648-ef74abc450e0\"><summary class=\"wp-block-themeisle-blocks-accordion-item__title\"><div><strong>Quanto vou pagar pelo servi\u00e7o?<\/strong><\/div><\/summary><div class=\"wp-block-themeisle-blocks-accordion-item__content\">\n<p class=\"gutenify-section-bd61b500-4c70-11ef-a648-ef74abc450e0\"><strong>Os servi\u00e7os da ASVB s\u00e3o totalmente gratuitos para o cliente.<\/strong><\/p>\n\n\n\n<p class=\"gutenify-section-d27f25b0-5aa0-11ef-8e62-4f81cdf20a25\">A ASVB Intermedia\u00e7\u00e3o \u00e9 uma entidade de intermedia\u00e7\u00e3o de cr\u00e9dito vinculada, credenciada pelo Banco de Portugal com a <a href=\"https:\/\/www.bportugal.pt\/intermediariocreditofar\/asvb-intermediario-de-credito-unipessoal-lda\">autoriza\u00e7\u00e3o n\u00ba 0007783<\/a>, para fazer a intermedia\u00e7\u00e3o entre clientes e Bancos no que diz respeito a financiamentos<\/p>\n\n\n\n<p class=\"gutenify-section-d27fc1f0-5aa0-11ef-8e62-4f81cdf20a25\">Estamos assim<strong> impedidos pelo Banco de Portugal de cobrar qualquer valor pelos servi\u00e7os prestados<\/strong>. Temos contratos com os Bancos e ser\u00e1 o Banco escolhido por si, que nos ir\u00e1 pagar pelo servi\u00e7o prestado.<\/p>\n\n\n\n<p class=\"gutenify-section-236104d0-5aa1-11ef-b9f0-955660507f89\">Oferecemos assim um servi\u00e7o devidamente personalizado e adequado ao perfil de cada cliente que nos procure!<\/p>\n<\/div><\/details>\n<\/div>\n","protected":false},"excerpt":{"rendered":"","protected":false},"author":1,"featured_media":0,"parent":0,"menu_order":0,"comment_status":"closed","ping_status":"closed","template":"","meta":{"_themeisle_gutenberg_block_has_review":false,"gutenify_custom_css":"","gutenify_custom_css_data":"","footnotes":""},"class_list":["post-56","page","type-page","status-publish","hentry"],"_links":{"self":[{"href":"https:\/\/asvbintermediacao.pt\/index.php?rest_route=\/wp\/v2\/pages\/56","targetHints":{"allow":["GET"]}}],"collection":[{"href":"https:\/\/asvbintermediacao.pt\/index.php?rest_route=\/wp\/v2\/pages"}],"about":[{"href":"https:\/\/asvbintermediacao.pt\/index.php?rest_route=\/wp\/v2\/types\/page"}],"author":[{"embeddable":true,"href":"https:\/\/asvbintermediacao.pt\/index.php?rest_route=\/wp\/v2\/users\/1"}],"replies":[{"embeddable":true,"href":"https:\/\/asvbintermediacao.pt\/index.php?rest_route=%2Fwp%2Fv2%2Fcomments&post=56"}],"version-history":[{"count":4,"href":"https:\/\/asvbintermediacao.pt\/index.php?rest_route=\/wp\/v2\/pages\/56\/revisions"}],"predecessor-version":[{"id":189,"href":"https:\/\/asvbintermediacao.pt\/index.php?rest_route=\/wp\/v2\/pages\/56\/revisions\/189"}],"wp:attachment":[{"href":"https:\/\/asvbintermediacao.pt\/index.php?rest_route=%2Fwp%2Fv2%2Fmedia&parent=56"}],"curies":[{"name":"wp","href":"https:\/\/api.w.org\/{rel}","templated":true}]}}