{"id":68,"date":"2024-07-27T23:28:59","date_gmt":"2024-07-27T23:28:59","guid":{"rendered":"https:\/\/asvbintermediacao.pt\/?page_id=68"},"modified":"2024-09-13T19:34:18","modified_gmt":"2024-09-13T19:34:18","slug":"servicos","status":"publish","type":"page","link":"https:\/\/asvbintermediacao.pt\/?page_id=68","title":{"rendered":"Servi\u00e7os"},"content":{"rendered":"\n<div class=\"wp-block-gutenify-service gutenify-service-layout-1 gutenify-service-col-2 gutenify-service-version-2 gutenify-section-40ba3280-4c6f-11ef-a648-ef74abc450e0\"><div class=\"gutenify-service-block\">\n<div class=\"wp-block-gutenify-info-box gutenify-info-box-layout-1 gutenify-info-box-version-2 gutenify-section-643cc850-7206-11ef-ad7d-15f5dac04f2d\">\n<h3 class=\"wp-block-heading has-text-align-center gutenify-admin-info-box-block-title gutenify-section-64418340-7206-11ef-ad7d-15f5dac04f2d\">Conseguir Cr\u00e9dito<\/h3>\n\n\n\n<p class=\"has-text-align-center gutenify-admin-info-box-block-content gutenify-section-6441f870-7206-11ef-ad7d-15f5dac04f2d\"><strong>Est\u00e1 a pensar em adquirir um im\u00f3vel ou realizar um sonho?<\/strong> Simplificamos o processo de obten\u00e7\u00e3o de cr\u00e9dito, d<strong>esde o primeiro contacto at\u00e9 \u00e0 assinatura do contrato, <\/strong>garantindo-lhe as melhores condi\u00e7\u00f5es do mercado.<\/p>\n\n\n\n<div class=\"wp-block-gutenify-buttons is-content-justification-center wp-block-buttons gutenify-buttons-version-2 gutenify-section-64424690-7206-11ef-ad7d-15f5dac04f2d\"><\/div>\n<\/div>\n\n\n\n<div class=\"wp-block-gutenify-info-box gutenify-info-box-layout-1 gutenify-info-box-version-2 gutenify-section-934c8310-7206-11ef-ad7d-15f5dac04f2d\">\n<h3 class=\"wp-block-heading has-text-align-center gutenify-admin-info-box-block-title gutenify-section-934a3920-7206-11ef-ad7d-15f5dac04f2d\">Comparar Cr\u00e9dito<\/h3>\n\n\n\n<p class=\"has-text-align-center gutenify-admin-info-box-block-content gutenify-section-934b4a90-7206-11ef-ad7d-15f5dac04f2d\">N\u00e3o se contente com o primeiro cr\u00e9dito que encontra! <strong>Comparamos todas as ofertas do mercado <\/strong>e apresentamos as op\u00e7\u00f5es mais vantajosas para si. <strong>Poupan\u00e7a garantida e sem complica\u00e7\u00f5es!<\/strong><\/p>\n\n\n\n<div class=\"wp-block-gutenify-buttons is-content-justification-center wp-block-buttons gutenify-buttons-version-2 gutenify-section-934be6d0-7206-11ef-ad7d-15f5dac04f2d\"><\/div>\n<\/div>\n\n\n\n<div class=\"wp-block-gutenify-info-box gutenify-info-box-layout-1 gutenify-info-box-version-2 gutenify-section-9e7ee020-7206-11ef-ad7d-15f5dac04f2d\">\n<h3 class=\"wp-block-heading has-text-align-center gutenify-admin-info-box-block-title gutenify-section-9e7d5980-7206-11ef-ad7d-15f5dac04f2d\">Cr\u00e9dito Habita\u00e7\u00e3o<\/h3>\n\n\n\n<p class=\"has-text-align-center gutenify-admin-info-box-block-content gutenify-section-9e7dceb0-7206-11ef-ad7d-15f5dac04f2d\"><strong>A casa dos seus sonhos est\u00e1 ao seu alcance!<\/strong> Oferecemos solu\u00e7\u00f5es de cr\u00e9dito habita\u00e7\u00e3o personalizadas para que possa comprar a sua casa com as melhores taxas e condi\u00e7\u00f5es.<\/p>\n\n\n\n<div class=\"wp-block-gutenify-buttons is-content-justification-center wp-block-buttons gutenify-buttons-version-2 gutenify-section-9e7e43e0-7206-11ef-ad7d-15f5dac04f2d\"><\/div>\n<\/div>\n\n\n\n<div class=\"wp-block-gutenify-info-box gutenify-info-box-layout-1 gutenify-info-box-version-2 gutenify-section-aa6c9df0-7206-11ef-ad7d-15f5dac04f2d\">\n<h3 class=\"wp-block-heading has-text-align-center gutenify-admin-info-box-block-title gutenify-section-aa6a5400-7206-11ef-ad7d-15f5dac04f2d\">Cr\u00e9dito para Obras<\/h3>\n\n\n\n<p class=\"has-text-align-center gutenify-admin-info-box-block-content gutenify-section-aa6af040-7206-11ef-ad7d-15f5dac04f2d\">Precisa <strong>renovar<\/strong> ou <strong>expandir<\/strong> a sua casa? O cr\u00e9dito para obras facilita todo o processo, permitindo que realize as melhorias necess\u00e1rias sem comprometer o seu or\u00e7amento.<\/p>\n\n\n\n<div class=\"wp-block-gutenify-buttons is-content-justification-center wp-block-buttons gutenify-buttons-version-2 gutenify-section-aa6c28c0-7206-11ef-ad7d-15f5dac04f2d\"><\/div>\n<\/div>\n\n\n\n<div class=\"wp-block-gutenify-info-box gutenify-info-box-layout-1 gutenify-info-box-version-2 gutenify-section-b5ad52e0-7206-11ef-ad7d-15f5dac04f2d\">\n<h3 class=\"wp-block-heading has-text-align-center gutenify-admin-info-box-block-title gutenify-section-b5abcc40-7206-11ef-ad7d-15f5dac04f2d\">Cr\u00e9dito \u00e0 Constru\u00e7\u00e3o<\/h3>\n\n\n\n<p class=\"has-text-align-center gutenify-admin-info-box-block-content gutenify-section-b5ac1a60-7206-11ef-ad7d-15f5dac04f2d\">Planeia construir de raiz? Encontramos o cr\u00e9dito \u00e0 constru\u00e7\u00e3o com as melhores condi\u00e7\u00f5es flex\u00edveis para apoiar cada etapa do seu projeto, <strong>desde o primeiro tijolo at\u00e9 \u00e0 conclus\u00e3o da obra.<\/strong><\/p>\n\n\n\n<div class=\"wp-block-gutenify-buttons is-content-justification-center wp-block-buttons gutenify-buttons-version-2 gutenify-section-b5acb6a0-7206-11ef-ad7d-15f5dac04f2d\"><\/div>\n<\/div>\n\n\n\n<div class=\"wp-block-gutenify-info-box gutenify-info-box-layout-1 gutenify-info-box-version-2 gutenify-section-c2bcfb70-7206-11ef-ad7d-15f5dac04f2d\">\n<h3 class=\"wp-block-heading has-text-align-center gutenify-admin-info-box-block-title gutenify-section-c2bb4dc0-7206-11ef-ad7d-15f5dac04f2d\">Leasing Imobili\u00e1rio<\/h3>\n\n\n\n<p class=\"has-text-align-center gutenify-admin-info-box-block-content gutenify-section-c2bbc2f0-7206-11ef-ad7d-15f5dac04f2d\"><strong>Para empresas e investidores que pretendem otimizar o capital<\/strong>, o leasing imobili\u00e1rio \u00e9 a solu\u00e7\u00e3o ideal. Permite-lhe usar o im\u00f3vel enquanto paga uma renda com a op\u00e7\u00e3o de compra no final do contrato.<\/p>\n\n\n\n<div class=\"wp-block-gutenify-buttons is-content-justification-center wp-block-buttons gutenify-buttons-version-2 gutenify-section-c2bc5f30-7206-11ef-ad7d-15f5dac04f2d\"><\/div>\n<\/div>\n\n\n\n<div class=\"wp-block-gutenify-info-box gutenify-info-box-layout-1 gutenify-info-box-version-2 gutenify-section-cf1736b0-7206-11ef-ad7d-15f5dac04f2d\">\n<h3 class=\"wp-block-heading has-text-align-center gutenify-admin-info-box-block-title gutenify-section-cf158900-7206-11ef-ad7d-15f5dac04f2d\">M\u00fatuo com Hipoteca<\/h3>\n\n\n\n<p class=\"has-text-align-center gutenify-admin-info-box-block-content gutenify-section-cf162540-7206-11ef-ad7d-15f5dac04f2d\">Quer consolidar cr\u00e9ditos ou necessita de financiamento com garantias adicionais? Com o m\u00fatuo com hipoteca, pode usufruir de <strong>taxas de juro mais baixas e melhores condi\u00e7\u00f5es financeiras.<\/strong><\/p>\n\n\n\n<div class=\"wp-block-gutenify-buttons is-content-justification-center wp-block-buttons gutenify-buttons-version-2 gutenify-section-cf16c180-7206-11ef-ad7d-15f5dac04f2d\"><\/div>\n<\/div>\n\n\n\n<div class=\"wp-block-gutenify-info-box gutenify-info-box-layout-1 gutenify-info-box-version-2 gutenify-section-d9ab57f0-7206-11ef-ad7d-15f5dac04f2d\">\n<h3 class=\"wp-block-heading has-text-align-center gutenify-admin-info-box-block-title gutenify-section-d9a9d150-7206-11ef-ad7d-15f5dac04f2d\">Transfer\u00eancia de Cr\u00e9dito<\/h3>\n\n\n\n<p class=\"has-text-align-center gutenify-admin-info-box-block-content gutenify-section-d9aa4680-7206-11ef-ad7d-15f5dac04f2d\"><strong>Pague menos pelo mesmo cr\u00e9dito!<\/strong> Com a transfer\u00eancia de cr\u00e9dito, analisamos e transferimos o seu financiamento atual para uma institui\u00e7\u00e3o com condi\u00e7\u00f5es mais atrativas. <strong>Mais poupan\u00e7a, menos preocupa\u00e7\u00f5es.<\/strong><\/p>\n\n\n\n<div class=\"wp-block-gutenify-buttons is-content-justification-center wp-block-buttons gutenify-buttons-version-2 gutenify-section-d9aabbb0-7206-11ef-ad7d-15f5dac04f2d\"><\/div>\n<\/div>\n<\/div><\/div>\n\n\n\n<div id=\"wp-block-themeisle-blocks-button-group-8703b988\" class=\"wp-block-themeisle-blocks-button-group wp-block-buttons align-center-desktop gutenify-section-e5816cc0-4c6f-11ef-a648-ef74abc450e0\">\n<div id=\"wp-block-themeisle-blocks-button-a5ec2c5c\" class=\"wp-block-themeisle-blocks-button wp-block-button gutenify-section-e58f7680-4c6f-11ef-a648-ef74abc450e0\"><a href=\"https:\/\/asvbintermediacao.pt\/?page_id=57\" target=\"_self\" rel=\"noopener noreferrer\" class=\"wp-block-button__link\"><span>Contacte-nos e pe\u00e7a j\u00e1 a sua simula\u00e7\u00e3o!<\/span><\/a><\/div>\n<\/div>\n","protected":false},"excerpt":{"rendered":"","protected":false},"author":1,"featured_media":0,"parent":0,"menu_order":0,"comment_status":"closed","ping_status":"closed","template":"","meta":{"_themeisle_gutenberg_block_has_review":false,"gutenify_custom_css":"","gutenify_custom_css_data":"","footnotes":""},"class_list":["post-68","page","type-page","status-publish","hentry"],"_links":{"self":[{"href":"https:\/\/asvbintermediacao.pt\/index.php?rest_route=\/wp\/v2\/pages\/68","targetHints":{"allow":["GET"]}}],"collection":[{"href":"https:\/\/asvbintermediacao.pt\/index.php?rest_route=\/wp\/v2\/pages"}],"about":[{"href":"https:\/\/asvbintermediacao.pt\/index.php?rest_route=\/wp\/v2\/types\/page"}],"author":[{"embeddable":true,"href":"https:\/\/asvbintermediacao.pt\/index.php?rest_route=\/wp\/v2\/users\/1"}],"replies":[{"embeddable":true,"href":"https:\/\/asvbintermediacao.pt\/index.php?rest_route=%2Fwp%2Fv2%2Fcomments&post=68"}],"version-history":[{"count":5,"href":"https:\/\/asvbintermediacao.pt\/index.php?rest_route=\/wp\/v2\/pages\/68\/revisions"}],"predecessor-version":[{"id":240,"href":"https:\/\/asvbintermediacao.pt\/index.php?rest_route=\/wp\/v2\/pages\/68\/revisions\/240"}],"wp:attachment":[{"href":"https:\/\/asvbintermediacao.pt\/index.php?rest_route=%2Fwp%2Fv2%2Fmedia&parent=68"}],"curies":[{"name":"wp","href":"https:\/\/api.w.org\/{rel}","templated":true}]}}