{"id":85,"date":"2024-07-27T22:20:03","date_gmt":"2024-07-27T22:20:03","guid":{"rendered":"https:\/\/asvbintermediacao.pt\/?page_id=85"},"modified":"2025-11-13T12:55:59","modified_gmt":"2025-11-13T12:55:59","slug":"termos-e-condicoes","status":"publish","type":"page","link":"https:\/\/asvbintermediacao.pt\/?page_id=85","title":{"rendered":"Termos e Condi\u00e7\u00f5es"},"content":{"rendered":"\n<p class=\"has-text-align-left gutenify-section-b0de20d0-4c65-11ef-8ade-2319d59e1cd6\"><strong>Agradecemos a sua visita \u00e0 nossa p\u00e1gina. Assegure-se que l\u00ea cuidadosamente os Termos e Condi\u00e7\u00f5es apresentados nesta p\u00e1gina, na medida em qualquer utiliza\u00e7\u00e3o deste website significa que aceita os Termos e Condi\u00e7\u00f5es ora apresentados.<\/strong><br><br><br><strong>Termos e Condi\u00e7\u00f5es<\/strong><br>Este WebSite, <em>www.asvbintermediacao.pt<\/em> (daqui em diante \u201co WebSite\u201d) \u00e9 pertence da empresa ASVB Intermedi\u00e1rio de Cr\u00e9dito \u2013 Unipessoal Lda, daqui por diante designada por \u201cASVB Intermedia\u00e7\u00e3o\u201d, sendo esta a marca comercial utilizada pela empresa. A ASVB Intermedia\u00e7\u00e3o de Cr\u00e9dito pode a qualquer momento e de acordo com a sua vontade, alterar, adicionar ou eliminar qualquer um dos Termos e Condi\u00e7\u00f5es atrav\u00e9s da atualiza\u00e7\u00e3o do conte\u00fado desta p\u00e1gina, pelo que se recomenda visitas peri\u00f3dicas \u00e0 p\u00e1gina de forma a auferir eventuais atualiza\u00e7\u00f5es. A ASVB Intermedia\u00e7\u00e3o de Cr\u00e9dito pode ainda descontinuar a qualquer momento, de acordo com a sua vontade, o Website sem aviso pr\u00e9vio.<br><br><br><strong>Direitos de autor<\/strong><br>Os ficheiros de texto, gr\u00e1ficos, sons e anima\u00e7\u00e3o, e todas as outras informa\u00e7\u00f5es e a forma em que s\u00e3o representadas graficamente no Website, assim como a disposi\u00e7\u00e3o e a estrutura do site, est\u00e3o todos sujeitos aos direitos de autor de ASVB Intermedia\u00e7\u00e3o de Cr\u00e9dito. As imagens utilizadas s\u00e3o pertence de ASVB Intermedia\u00e7\u00e3o de Cr\u00e9dito ou foram recolhidas em base de dados que permitem a sua utiliza\u00e7\u00e3o para este efeito. Nem o Website nem parte deste, pode ser copiado ou distribu\u00eddo, nem pode ser modificado ou colocado noutros sites, sem autoriza\u00e7\u00e3o pr\u00e9via por escrito de ASVB Intermedia\u00e7\u00e3o de Cr\u00e9dito.<br><br><br><strong>Marca comercial<\/strong><br>Todas as marcas comerciais, marcas de servi\u00e7o e nomes comerciais apresentados no Website est\u00e3o protegidos pelos direitos de marcas comerciais de ASVB Intermedia\u00e7\u00e3o de Cr\u00e9dito. Isto aplica-se especialmente aos s\u00edmbolos e logotipos de ASVB Intermedia\u00e7\u00e3o de Cr\u00e9dito. Este Website assim como todo e qualquer material existente no site, n\u00e3o concedem, nem pode ser interpretando como concedendo, permiss\u00e3o a terceiros, para utilizar, copiar ou beneficiar, direta ou indiretamente, dos direitos de propriedade intelectual de ASVB Intermedia\u00e7\u00e3o de Cr\u00e9dito.<br><br><br><strong>Garantia<\/strong><br>As informa\u00e7\u00f5es existentes neste Website, s\u00e3o fornecidas por ASVB Intermedia\u00e7\u00e3o de Cr\u00e9dito, a t\u00edtulo informativo, e at\u00e9 \u00e0 m\u00e1xima extens\u00e3o permitida pela lei aplic\u00e1vel e s\u00e3o fornecidas, sem qualquer tipo de garantia, expressa ou impl\u00edcita. N\u00e3o obstante, as informa\u00e7\u00f5es, fun\u00e7\u00f5es e aplica\u00e7\u00f5es contidas neste Website, tenham sido minuciosamente analisadas e sejam tidas como corretas, podem incluir erros ou imprecis\u00f5es, pelo que ASVB Intermedia\u00e7\u00e3o de Cr\u00e9dito, n\u00e3o se responsabiliza pelas eventuais irregularidades, erros ou pela descontinuidade do Website nem que sejam adequados e\/ou estejam dispon\u00edveis para utiliza\u00e7\u00e3o noutros locais.<br><br><br><strong>Ren\u00fancia<\/strong><br>ASVB Intermedia\u00e7\u00e3o de Cr\u00e9dito renuncia a qualquer responsabilidade por erros que possam ocorrer devido a irregularidades do sistema, falha (tempor\u00e1ria ou permanente) do Website, das aplica\u00e7\u00f5es ou de outras ferramentas. At\u00e9 \u00e0 m\u00e1xima extens\u00e3o poss\u00edvel ao abrigo da lei aplic\u00e1vel, ASVB Intermedia\u00e7\u00e3o de Cr\u00e9dito n\u00e3o se responsabilizar\u00e1 por quaisquer danos resultantes da utiliza\u00e7\u00e3o, ou da impossibilidade de utiliza\u00e7\u00e3o, do Website, assim como ASVB Intermedia\u00e7\u00e3o de Cr\u00e9dito, n\u00e3o garante que o servidor e\/ou o Website n\u00e3o contenham v\u00edrus ou outros componentes prejudiciais.<br><br><br><strong>Atividades proibidas<\/strong><br>Est\u00e3o proibidas quaisquer atividades que sejam consideradas por ASVB Intermedia\u00e7\u00e3o de Cr\u00e9dito como inapropriadas e\/ou que sejam suscet\u00edveis de serem ilegais de acordo com a legisla\u00e7\u00e3o aplic\u00e1vel a este Website, incluindo, mas n\u00e3o limitado a:<br>\u2014 Qualquer ato que possa constituir uma viola\u00e7\u00e3o da privacidade (incluindo o envio para este website de informa\u00e7\u00f5es privadas sem o consentimento da pessoa afetada) ou de quaisquer outros direitos legais das pessoas f\u00edsicas;<br>\u2014 Usar este website para difamar e\/ou injuriar ASVB Intermedia\u00e7\u00e3o de Cr\u00e9dito, os seus colaboradores, ou outras pessoas f\u00edsicas e\/ou coletivas, ou atuar de forma a desacreditar a reputa\u00e7\u00e3o de ASVB Intermedia\u00e7\u00e3o de Cr\u00e9dito;<br>\u2014 Enviar para este Website ficheiros que contenham v\u00edrus que possam causar danos \u00e0 propriedade de ASVB Intermedia\u00e7\u00e3o de Cr\u00e9dito ou \u00e0 propriedade de pessoas f\u00edsicas;<br>\u2014 Colocar ou transmitir para este website qualquer conte\u00fado n\u00e3o autorizado, incluindo, mas n\u00e3o limitado a conte\u00fados que provavelmente causem, no nosso entendimento, danos ou preju\u00edzos, ou, ainda, que violem os sistemas de seguran\u00e7a da rede de ASVB Intermedia\u00e7\u00e3o de Cr\u00e9dito ou de terceiras pessoas, conte\u00fados que sejam difamat\u00f3rios, racistas, obscenos, amea\u00e7adores, de conte\u00fado pornogr\u00e1fico ou que se apresentem com conte\u00fados suscet\u00edveis de serem qualificados como il\u00edcitos em geral.<br><br><br><strong>Cookies<\/strong><br>Este Website, utiliza cookies de forma a facultar uma utiliza\u00e7\u00e3o correta do mesmo. N\u00e3o estando, os terceiros, obrigados a aceitar os cookies, por\u00e9m e no caso de n\u00e3o os aceitarem, o Website poder\u00e1 n\u00e3o funcionar corretamente.<br><br><br><strong>Links para p\u00e1ginas de terceiros<\/strong><br>ASVB Intermedia\u00e7\u00e3o de Cr\u00e9dito poder\u00e1 disponibilizar links para p\u00e1ginas de terceiros. Estes sites n\u00e3o pertencem nem s\u00e3o operados ou controlados por ASVB Intermedia\u00e7\u00e3o de Cr\u00e9dito e, por esta raz\u00e3o, ASVB Intermedia\u00e7\u00e3o de Cr\u00e9dito n\u00e3o se responsabiliza por tais sites, nem pelo seu conte\u00fado. A utiliza\u00e7\u00e3o destes links \u00e9 por conta e risco dos terceiros utilizadores. ASVB Intermedia\u00e7\u00e3o de Cr\u00e9dito n\u00e3o autoriza, terceiros a ligar o Website ao seu Website ou qualquer Website sem a autoriza\u00e7\u00e3o pr\u00e9via, por escrito, de ASVB Intermedia\u00e7\u00e3o de Cr\u00e9dito.<br><br><br><strong>Contacto<\/strong><br>Se tiver alguma quest\u00e3o sobre os presentes termos e condi\u00e7\u00f5es, pode envi\u00e1-la para o e-mail <em>geral@asvbintermediacao.pt<\/em> indicando em assunto, \u201cWebsite\u201d.<br><br><br><strong>Cl\u00e1usula de rompimento<\/strong><br>Se alguma parte ou disposi\u00e7\u00e3o dos presentes Termos e Condi\u00e7\u00f5es n\u00e3o for execut\u00e1vel ou estiver em conflito com a lei aplic\u00e1vel de alguma jurisdi\u00e7\u00e3o, a validade das restantes partes ou disposi\u00e7\u00f5es n\u00e3o ser\u00e1 afetada.<br><br><br><strong>Regulamento Geral de Prote\u00e7\u00e3o de Dados (RGPD)<\/strong><br>Para os efeitos do que est\u00e1 previsto no Regulamento Geral de Prote\u00e7\u00e3o de Dados (RGPD), informam-se os utilizadores desta p\u00e1gina da Internet de que os dados de car\u00e1ter pessoal que facultarem atrav\u00e9s da mesma, tanto no preenchimento de qualquer formul\u00e1rio, como atrav\u00e9s de e-mail ou por qualquer outro meio, ser\u00e3o tratados em conformidade com a presente Pol\u00edtica de Prote\u00e7\u00e3o de dados.<br><br><br><strong>Privacidade<\/strong><br>Quaisquer dados pessoais recolhidos p&#8217; ASVB Intermedia\u00e7\u00e3o de Cr\u00e9dito (nome, e-mail, etc) s\u00e3o apenas utilizados para fins internos e de comunica\u00e7\u00e3o direta com os leitores, n\u00e3o sendo nunca partilhados com outras entidades, exceto com parceiros d&#8217; ASVB Intermedia\u00e7\u00e3o de Cr\u00e9dito na situa\u00e7\u00e3o em que o cliente decida avan\u00e7ar com o processo e esta partilha seja indispens\u00e1vel para a presta\u00e7\u00e3o do servi\u00e7o pretendido pelo cliente.<br><br><br><strong>Direitos do utilizador para o tratamento de dados pessoais<\/strong><br>ASVB Intermedia\u00e7\u00e3o de Cr\u00e9dito garante aos utilizadores, a todo o momento, o exerc\u00edcio dos seus direitos de acesso, retifica\u00e7\u00e3o, elimina\u00e7\u00e3o, oposi\u00e7\u00e3o, limita\u00e7\u00e3o e portabilidade relativamente aos dados pessoais facultados, nos termos dispostos no RGPD. Os utilizadores da Web poder\u00e3o exercer tais direitos remetendo um pedido expresso para o endere\u00e7o seguinte:<br><strong>E-mail:<\/strong> <em>geral@asvbintermediacao.pt<\/em><\/p>\n\n\n\n<p class=\"has-text-align-left gutenify-section-2a400ab0-4c66-11ef-8ade-2319d59e1cd6\"><br>ASVB Intermedia\u00e7\u00e3o de Cr\u00e9dito compromete-se a utilizar os dados pessoais facultados em conformidade com as finalidades indicadas nesta Pol\u00edtica de Prote\u00e7\u00e3o de Dados, respeitando a sua confidencialidade, assim como a cumprir a sua obriga\u00e7\u00e3o de os guardar e adotar todas as medidas para evitar a altera\u00e7\u00e3o, perda, tratamento ou acesso n\u00e3o autorizado.<br>A responsabilidade do Utilizador quanto \u00e0 veracidade dos dados introduzidos \u00e9 exclusiva, pelo que, caso tenha facultado dados falsos ou inexatos, ASVB Intermedia\u00e7\u00e3o de Cr\u00e9dito reserva-se o direito de lhe proibir o acesso ao Portal, sem preju\u00edzo das a\u00e7\u00f5es legais que considerar oportunas em defesa dos seus interesses.<br>ASVB Intermedia\u00e7\u00e3o de Cr\u00e9dito tamb\u00e9m n\u00e3o tem a obriga\u00e7\u00e3o de verificar, e n\u00e3o verifica, a identidade dos Utilizadores, nem a veracidade, vig\u00eancia, exaustividade e\/ou autenticidade dos dados que os mesmos proporcionam sobre si mesmos, ou sobre outros Utilizadores. Por tudo isto, o Utilizador \u00e9 respons\u00e1vel por informar o ASVB Intermedia\u00e7\u00e3o de Cr\u00e9dito de qualquer altera\u00e7\u00e3o que ocorra nos dados que tenha proporcionado anteriormente e garante e \u00e9 respons\u00e1vel exclusivo pela veracidade dos mesmos.<br><br><strong>Reclama\u00e7\u00f5es<\/strong><br>ASVB Intermedia\u00e7\u00e3o de Cr\u00e9dito aderiu ao livro de reclama\u00e7\u00f5es electr\u00f3nico tendo como entidades reguladoras, o Banco de Portugal. Poder\u00e1 aceder atrav\u00e9s do link: <em><a href=\"https:\/\/www.livroreclamacoes.pt\/inicio.\">https:\/\/www.livroreclamacoes.pt\/inicio.<\/a><\/em><br><br><\/p>\n\n\n\n<p class=\"has-text-align-left gutenify-section-18227020-4c66-11ef-8ade-2319d59e1cd6\"><strong>Lei aplic\u00e1vel<\/strong><br>Os presentes, Termos e Condi\u00e7\u00f5es, s\u00e3o regidos e elaborados de acordo com as leis Portuguesas.<br><br><strong>Foro competente<\/strong><br>Para dirimir, todas as quest\u00f5es e lit\u00edgios que possam surgir, inerentes aos presentes termos e condi\u00e7\u00f5es, ser\u00e3o da compet\u00eancia exclusiva, do foro da Comarca de Lisboa, Portugal.<br><br><strong>Autoriza\u00e7\u00e3o de Submiss\u00e3o de Formul\u00e1rio de Simula\u00e7\u00e3o<\/strong><br>Autorizo a ASVB Intermedi\u00e1rio de Cr\u00e9dito Unipessoal Lda., NIPC 518147860, Intermedi\u00e1rio de cr\u00e9dito 0007783, registada no BP, a apresentar propostas de cr\u00e9dito em meu (nosso) nome, a Bancos e Institui\u00e7\u00f5es Financeiras de Cr\u00e9dito legalmente a operar em Portugal. Fica igualmente a ASVB Intermedi\u00e1rio de Cr\u00e9dito Unipessoal Lda., autorizada a disponibilizar \u00e0s referidas Institui\u00e7\u00f5es, todos os documentos e informa\u00e7\u00f5es pessoais que lhe sejam por mim (n\u00f3s) confiadas, para an\u00e1lise e decis\u00e3o de cr\u00e9dito.<br>Mais autorizo (amos) que as aludidas Institui\u00e7\u00f5es, possam:<br>Consultar, ao abrigo do disposto no <em>art. 4\u00ba do D.L. N\u00ba 29\/96,<\/em> as responsabilidades que estejam registadas em meu (nosso) nome no Banco de Portugal, no que respeita \u00e0 Central de Responsabilidades de Cr\u00e9dito.<br>Ap\u00f3s a comunica\u00e7\u00e3o dos dados pessoais pelo Intermedi\u00e1rio de Cr\u00e9dito Vinculado \u00e0s Institui\u00e7\u00f5es Banc\u00e1rias parceiras, estas atuam como Respons\u00e1vel pelo Tratamento dos dados pessoais, os quais ser\u00e3o alvo de tratamento automatizado e n\u00e3o automatizado, para as finalidades de an\u00e1lise e apresenta\u00e7\u00e3o de proposta de cr\u00e9dito e celebra\u00e7\u00e3o do respetivo contrato.<br>Para obter mais informa\u00e7\u00f5es sobre a forma como cada uma das Institui\u00e7\u00f5es Banc\u00e1rias parceiras trata os seus dados pessoais, poder\u00e1 consultar as respetivas Pol\u00edticas de Privacidade ou solicitar mais informa\u00e7\u00f5es diretamente junto destas.<br><\/p>\n\n\n\n<p class=\"has-text-align-left gutenify-section-df992be0-4c65-11ef-8ade-2319d59e1cd6\"><strong>Caixa Geral de Dep\u00f3sitos: <\/strong><em><a href=\"https:\/\/www.cgd.pt\">https:\/\/www.cgd.pt<\/a><\/em><br><strong>ABanca:<\/strong> <em><a href=\"https:\/\/www.abanca.pt\">https:\/\/www.abanca.pt<\/a><\/em><br><strong>Bankinter: <\/strong><em><a href=\"https:\/\/www.bankinter.pt\">https:\/\/www.bankinter.pt<\/a><\/em><\/p>\n\n\n\n<p class=\"gutenify-section-ce3c2e40-91ea-11ef-a544-c1e10ecaead0\"><strong>Banco CTT: <\/strong><em><a href=\"https:\/\/www.bancoctt.pt\">https:\/\/www.bancoctt.pt<\/a><\/em><\/p>\n\n\n\n<p class=\"has-text-align-left gutenify-section-dd3460e0-4c65-11ef-8ade-2319d59e1cd6\"><strong>Novo Banco: <\/strong><a href=\"https:\/\/www.bancobpi.pt\/\">https:\/\/www.bancobpi.pt\/<\/a><\/p>\n\n\n\n<p class=\"has-text-align-left gutenify-section-8fe3f2a0-b2ff-11ef-ab2c-cbd4103e7847\"><strong>Banco BPI: <\/strong><a href=\"https:\/\/www.cgd.pt\">https:\/\/www.novobanco.pt\/<\/a><\/p>\n\n\n\n<p class=\"gutenify-section-38066770-3676-11f0-96c8-f99d33096dd1\"><strong>Banco Santander:<\/strong> <a href=\"https:\/\/santander.pt\/\">https:\/\/santander.pt\/<\/a><\/p>\n\n\n\n<p class=\"gutenify-section-5a8127e0-3676-11f0-96c8-f99d33096dd1\"><strong>UCI:<\/strong> <a href=\"https:\/\/uci.pt\/pt\/?utm_source=google&amp;utm_medium=cpc&amp;utm_campaign=brand&amp;utm_term=exact&amp;gad_source=1&amp;gad_campaignid=19429984957&amp;gbraid=0AAAAApHyAYY0kuyJkIZ8tdvgFUcrRU6Xd&amp;gclid=CjwKCAjw87XBBhBIEiwAxP3_A4jaAkmadPQUEBA5AjxIug4OFsenE7Yx9LjIXjUpXjEY8zHUVAvROBoClQIQAvD_BwE\">https:\/\/uci.pt\/<\/a><\/p>\n\n\n\n<p class=\"has-text-align-left gutenify-section-91c2c4c0-b2ff-11ef-ab2c-cbd4103e7847\"><br>Os seus dados pessoais ser\u00e3o conservados pelo Intermedi\u00e1rio de Cr\u00e9dito Vinculado e pelas Institui\u00e7\u00f5es Banc\u00e1rias parceiras aos quais os seus dados forem transmitidos, durante o per\u00edodo de tempo necess\u00e1rio ao cumprimento das finalidades de tratamento acima referidas e pelos prazos necess\u00e1rios para o cumprimento de obriga\u00e7\u00f5es legais, ap\u00f3s os quais ser\u00e3o eliminados ou anonimizados.<br>Nos termos do Regulamento Geral sobre a Prote\u00e7\u00e3o de Dados, os titulares de dados pessoais, podem ainda exercer os seus direitos de acesso, retifica\u00e7\u00e3o e apagamento, junto das Institui\u00e7\u00f5es Banc\u00e1rias parceiras com as quais o Intermedi\u00e1rio de Cr\u00e9dito Vinculado partilhou os seus dados pessoais. Caso pretenda faz\u00ea-lo, dever\u00e1 endere\u00e7ar o seu pedido ao Encarregado da Prote\u00e7\u00e3o de Dados (EPO) da Institui\u00e7\u00e3o Banc\u00e1ria visada ou atrav\u00e9s de qualquer outro canal disponibilizado por esta para o efeito.<br>Os titulares de dados pessoais, t\u00eam ainda o direito de apresentar reclama\u00e7\u00f5es junto da Comiss\u00e3o Nacional da Prote\u00e7\u00e3o de Dados.<br>Autorizo(amos) as Institui\u00e7\u00f5es Banc\u00e1rias parceiras do Intermedi\u00e1rio de Cr\u00e9dito Vinculado, enquanto intermedi\u00e1rio de cr\u00e9dito vinculado, a proceder ao tratamento dos meus (nossos) dados pessoais, bem como dos demais documentos entregues para efeitos de suporte ao presente pedido de concess\u00e3o de cr\u00e9dito, para que procedam a an\u00e1lise pr\u00e9via, aprecia\u00e7\u00e3o e tomada de decis\u00e3o sobre o meu (nosso) pedido de cr\u00e9dito.<br>Autorizo(amos) as Institui\u00e7\u00f5es Banc\u00e1rias parceiras do Intermedi\u00e1rio de Cr\u00e9dito Vinculado enquanto intermedi\u00e1rio de cr\u00e9dito vinculado, a trocar todas as informa\u00e7\u00f5es necess\u00e1rias com esta para a finalidade espec\u00edfica de intermedia\u00e7\u00e3o do meu pedido de cr\u00e9dito, nomeadamente a receber das Institui\u00e7\u00f5es Banc\u00e1rias propostas de financiamento, tomar conhecimento das decis\u00f5es que vierem a ser tomadas sobre o(s) financiamento(s) e ainda a receber os dados relativos \u00e0 data e montante do contrato celebrado.<br>Ao(s) Declarante(s) assiste o direito a retirar estes consentimentos atrav\u00e9s dos meios indicados na informa\u00e7\u00e3o acima sobre Prote\u00e7\u00e3o de Dados Pessoais para o exerc\u00edcio dos seus direitos, sem que tal comprometa a licitude do tratamento efetuado at\u00e9 ent\u00e3o. Por\u00e9m, deve considerar que, a continua\u00e7\u00e3o da presta\u00e7\u00e3o dos servi\u00e7os poder\u00e1 ficar comprometida ou impossibilitada, tal como a conclus\u00e3o do processo de concess\u00e3o de cr\u00e9dito. Mais declaro(amos) que toda a documenta\u00e7\u00e3o enviada para ASVB Intermedia\u00e7\u00e3o de Cr\u00e9dito, para fins de an\u00e1lise do(s) financiamento(os), s\u00e3o verdadeiras e aut\u00eanticas.<br><br><br><strong>Seguros de Responsabilidade Civil<\/strong><br>Allianz Portugal, S.A., Ap\u00f3lice &#8211; 207257725, v\u00e1lido at\u00e9 14\/05\/2026.<br><br><\/p>\n\n\n<div class=\"aligncenter wp-block-site-logo\"><a href=\"https:\/\/asvbintermediacao.pt\/\" class=\"custom-logo-link\" rel=\"home\"><img loading=\"lazy\" decoding=\"async\" width=\"253\" height=\"63\" src=\"https:\/\/asvbintermediacao.pt\/wp-content\/uploads\/2024\/07\/Design-sem-nome5.png\" class=\"custom-logo\" alt=\"ASVB | Intermedia\u00e7\u00e3o de Cr\u00e9dito\" srcset=\"https:\/\/asvbintermediacao.pt\/wp-content\/uploads\/2024\/07\/Design-sem-nome5.png 400w, https:\/\/asvbintermediacao.pt\/wp-content\/uploads\/2024\/07\/Design-sem-nome5-300x75.png 300w\" sizes=\"auto, (max-width: 253px) 100vw, 253px\" \/><\/a><\/div>","protected":false},"excerpt":{"rendered":"<p>Agradecemos a sua visita \u00e0 nossa p\u00e1gina. Assegure-se que l\u00ea cuidadosamente os Termos e Condi\u00e7\u00f5es apresentados nesta p\u00e1gina, na medida em qualquer utiliza\u00e7\u00e3o deste website significa que aceita os Termos e Condi\u00e7\u00f5es ora apresentados. Termos e Condi\u00e7\u00f5esEste WebSite, www.asvbintermediacao.pt (daqui em diante \u201co WebSite\u201d) \u00e9 pertence da empresa ASVB Intermedi\u00e1rio de Cr\u00e9dito \u2013 Unipessoal Lda, [&hellip;]<\/p>\n","protected":false},"author":1,"featured_media":0,"parent":0,"menu_order":0,"comment_status":"closed","ping_status":"closed","template":"","meta":{"_themeisle_gutenberg_block_has_review":false,"gutenify_custom_css":"","gutenify_custom_css_data":"","footnotes":""},"class_list":["post-85","page","type-page","status-publish","hentry"],"_links":{"self":[{"href":"https:\/\/asvbintermediacao.pt\/index.php?rest_route=\/wp\/v2\/pages\/85","targetHints":{"allow":["GET"]}}],"collection":[{"href":"https:\/\/asvbintermediacao.pt\/index.php?rest_route=\/wp\/v2\/pages"}],"about":[{"href":"https:\/\/asvbintermediacao.pt\/index.php?rest_route=\/wp\/v2\/types\/page"}],"author":[{"embeddable":true,"href":"https:\/\/asvbintermediacao.pt\/index.php?rest_route=\/wp\/v2\/users\/1"}],"replies":[{"embeddable":true,"href":"https:\/\/asvbintermediacao.pt\/index.php?rest_route=%2Fwp%2Fv2%2Fcomments&post=85"}],"version-history":[{"count":9,"href":"https:\/\/asvbintermediacao.pt\/index.php?rest_route=\/wp\/v2\/pages\/85\/revisions"}],"predecessor-version":[{"id":321,"href":"https:\/\/asvbintermediacao.pt\/index.php?rest_route=\/wp\/v2\/pages\/85\/revisions\/321"}],"wp:attachment":[{"href":"https:\/\/asvbintermediacao.pt\/index.php?rest_route=%2Fwp%2Fv2%2Fmedia&parent=85"}],"curies":[{"name":"wp","href":"https:\/\/api.w.org\/{rel}","templated":true}]}}